{"id":8,"date":"2021-06-26T01:38:45","date_gmt":"2021-06-26T01:38:45","guid":{"rendered":"https:\/\/backtracksystem.com\/?page_id=8"},"modified":"2024-08-05T20:28:04","modified_gmt":"2024-08-06T00:28:04","slug":"contacto","status":"publish","type":"page","link":"https:\/\/backtracksystem.com\/?page_id=8","title":{"rendered":"Contacto"},"content":{"rendered":"\n<p class=\"has-text-align-center has-background-color has-primary-background-color has-text-color has-background\"><strong>Venta de equipos y materiales para Computaci\u00f3n, Servicio T\u00e9cnico y Asesor\u00eda Especializada, Redes, Telecom, I.T., accesorios, Sistemas de Vigilancia, Sistemas de Protecci\u00f3n El\u00e9ctrica &#8211; C. C. La Redoma, Nivel P.B. Local N\u00b0 26, Sector Los Robles, Pampatar, Isla de Margarita, Nueva Esparta, Venezuela &#8211; Tel\u00e9fono: \ud83d\udcde(+1)(954) 9911743 \/ (+58)(412) 3566536, Whatsapp: (+58) 4166953550<\/strong> . <strong>backtracksystem@gmail.com         Instagram: computacionadistancia<\/strong><\/p>\n\n\n\n<p><\/p>\n\n\n\n<p><\/p>\n\n\n\n<p><\/p>\n\n\n\n<div class=\"wp-block-buttons is-layout-flex wp-block-buttons-is-layout-flex\"><\/div>\n","protected":false},"excerpt":{"rendered":"<p>Venta de equipos y materiales para Computaci\u00f3n, Servicio T\u00e9cnico y Asesor\u00eda Especializada, Redes, Telecom, I.T., accesorios, Sistemas de Vigilancia, Sistemas de Protecci\u00f3n El\u00e9ctrica &#8211; C. C. La Redoma, Nivel P.B. Local N\u00b0 26, Sector Los Robles, Pampatar, Isla de Margarita, Nueva Esparta, Venezuela &#8211; Tel\u00e9fono: \ud83d\udcde(+1)(954) 9911743 \/ (+58)(412) 3566536, Whatsapp: (+58) 4166953550 . backtracksystem@gmail.com [&hellip;]<\/p>\n","protected":false},"author":1,"featured_media":0,"parent":0,"menu_order":0,"comment_status":"closed","ping_status":"closed","template":"","meta":{"footnotes":""},"class_list":["post-8","page","type-page","status-publish","hentry"],"_links":{"self":[{"href":"https:\/\/backtracksystem.com\/index.php?rest_route=\/wp\/v2\/pages\/8","targetHints":{"allow":["GET"]}}],"collection":[{"href":"https:\/\/backtracksystem.com\/index.php?rest_route=\/wp\/v2\/pages"}],"about":[{"href":"https:\/\/backtracksystem.com\/index.php?rest_route=\/wp\/v2\/types\/page"}],"author":[{"embeddable":true,"href":"https:\/\/backtracksystem.com\/index.php?rest_route=\/wp\/v2\/users\/1"}],"replies":[{"embeddable":true,"href":"https:\/\/backtracksystem.com\/index.php?rest_route=%2Fwp%2Fv2%2Fcomments&post=8"}],"version-history":[{"count":17,"href":"https:\/\/backtracksystem.com\/index.php?rest_route=\/wp\/v2\/pages\/8\/revisions"}],"predecessor-version":[{"id":157,"href":"https:\/\/backtracksystem.com\/index.php?rest_route=\/wp\/v2\/pages\/8\/revisions\/157"}],"wp:attachment":[{"href":"https:\/\/backtracksystem.com\/index.php?rest_route=%2Fwp%2Fv2%2Fmedia&parent=8"}],"curies":[{"name":"wp","href":"https:\/\/api.w.org\/{rel}","templated":true}]}}